{"id":12,"date":"2019-06-20T21:17:25","date_gmt":"2019-06-20T19:17:25","guid":{"rendered":"http:\/\/miodna.pl\/?page_id=12"},"modified":"2025-03-17T21:29:24","modified_gmt":"2025-03-17T20:29:24","slug":"do-pobrania","status":"publish","type":"page","link":"http:\/\/miodna.pl\/?page_id=12","title":{"rendered":"Do pobrania"},"content":{"rendered":"<div>\r\n<h2><a href=\"http:\/\/miodna.pl\/wp-content\/uploads\/2025\/03\/LOGO-STOWARZYSZENIA-MIODNA-1.pdf\">LOGO STOWARZYSZENIA MIODNA<\/a><\/h2>\r\n<h2><a href=\"https:\/\/www.gov.pl\/web\/arimr\/rok-pszczelarski-2025\">Interwencje <\/a><\/h2>\r\n<h2><a href=\"https:\/\/www.gov.pl\/web\/arimr\/rok-pszczelarski-2025\">w sektorze pszczelarskim od 2024 roku realizuje ARiMR<\/a><\/h2>\r\n<h2><a href=\"http:\/\/miodna.pl\/wp-content\/uploads\/2025\/02\/oswiadczenie-do-meczanizmu-2024.doc\">o\u015bwiadczenie do meczanizmu 2024<\/a><\/h2>\r\n<h2>\u00a0<\/h2>\r\n<\/div>\r\n<div><a href=\"http:\/\/miodna.pl\/wp-content\/uploads\/2024\/10\/miodna-zakup-sprzetu-2025-druk-1276.doc\">miodna-zakup-sprzetu-20225<\/a><\/div>\r\n<div class=\"D_F ac_FT ab_CI en_0\"><a href=\"http:\/\/miodna.pl\/wp-content\/uploads\/2022\/10\/miodna-zakup-sprzetu-2023-druk-12.doc\">miodna-zakup-sprzetu-2023-druk-1(2)<\/a><\/div>\r\n<div class=\"D_F ac_FT ab_CI en_0\"><a href=\"https:\/\/www.gov.pl\/web\/arimr\/rok-pszczelarski-2025\">Warunki_udzia\u0142u_w_mechanizmie<\/a><\/div>\r\n<div class=\"D_F ac_FT ab_CI en_0\"><a href=\"http:\/\/miodna.pl\/wp-content\/uploads\/2021\/09\/miodna-zakup-sprzetu-2022-druk-1.doc\">miodna-zakup-sprzetu-2022-druk<\/a><\/div>\r\n<div>\u00a0<\/div>\r\n<div class=\"D_F ac_FT ab_CI en_0\"><a href=\"http:\/\/miodna.pl\/wp-content\/uploads\/2021\/05\/Instrukcja_wypelniania_wniosku_Pszczoly_2021.docx\">Instrukcja_wypelniania_wniosku_Pszczoly_2021<\/a><\/div>\r\n<div class=\"D_F ac_FT ab_CI en_0\"><a href=\"http:\/\/miodna.pl\/wp-content\/uploads\/2021\/05\/Wniosek_pomoc_na_utrzymanie_Pszczol_2021_www.xlsx\">Wniosek_pomoc_na_utrzymanie_Pszczol_2021_www<\/a><\/div>\r\n<div class=\"D_F ac_FT ab_CI en_0\"><a href=\"http:\/\/miodna.pl\/wp-content\/uploads\/2021\/05\/Przykladowy-szablon-Zaswiadczenia-lekarza-weterynarii-na-sezon-2019-2020_PDF.pdf\">Przyk\u0142adowy szablon Za\u015bwiadczenia lekarza weterynarii na sezon 2019-2020_PDF<\/a><\/div>\r\n<div class=\"D_F ac_FT ab_CI en_0\"><a href=\"http:\/\/miodna.pl\/wp-content\/uploads\/2021\/04\/Nie_truj_pszczol_A3_logo.pdf\">Nie_truj_pszczol_A3_logo<\/a><\/div>\r\n<div class=\"D_F ac_FT ab_CI en_0\"><a href=\"http:\/\/miodna.pl\/wp-content\/uploads\/2021\/04\/Nie_truj_pszczol_A4_logo-1.pdf\">Nie_truj_pszczol_A4_logo<\/a><\/div>\r\n<div class=\"D_F ac_FT ab_CI en_0\"><a href=\"http:\/\/miodna.pl\/wp-content\/uploads\/2021\/03\/Broszura-pszczelarska-gotowa-do-wydruku.pdf\">Broszura pszczelarska- gotowa do wydruku<\/a><\/div>\r\n<p><a href=\"http:\/\/miodna.pl\/wp-content\/uploads\/2020\/09\/potwierdenie-odbioru-matek-2020.doc\">potwierdenie odbioru matek 2020<\/a><\/p>\r\n<p><a href=\"http:\/\/miodna.pl\/wp-content\/uploads\/2020\/09\/wzor-oswiadczenia-pszczelarza1-1.docx\">wz\u00f3r o\u015bwiadczenia pszczelarza(1)<\/a><\/p>\r\n<p><a href=\"http:\/\/miodna.pl\/wp-content\/uploads\/2020\/10\/miodna-zakup-sprzetu-2021-druk.doc\">zakup-sprzetu-2021-druk<\/a><\/p>\r\n<p><a href=\"http:\/\/miodna.pl\/wp-content\/uploads\/2021\/05\/Wniosek_pomoc_na_utrzymanie_Pszczol_2021_www-1.xlsx\">Wniosek_pomoc_na_utrzymanie_Pszczol_2021_www<\/a><\/p>\r\n<p><a href=\"http:\/\/miodna.pl\/wp-content\/uploads\/2021\/05\/Wzor-oferta-sprzedazy-matek-pszczelich-3.docx\">Wz\u00f3r oferta sprzeda\u017cy matek pszczelich-3<\/a><\/p>\r\n<p><a href=\"http:\/\/miodna.pl\/wp-content\/uploads\/2021\/05\/Wzor-oferta-sprzedazy-odkladow_pakietow-3.docx\">Wz\u00f3r oferta sprzeda\u017cy odk\u0142ad\u00f3w_pakiet\u00f3w-3<\/a><\/p>\r\n\r\n<div class=\"wp-block-file\"><a href=\"http:\/\/miodna.pl\/wp-content\/uploads\/2021\/10\/SPM-deklaracja-1.doc\">SPM-deklaracja-1<\/a><a class=\"wp-block-file__button\" href=\"http:\/\/miodna.pl\/wp-content\/uploads\/2021\/10\/SPM-deklaracja-1.doc\" download=\"\">Pobierz<\/a><\/div>\r\n\r\n\r\n\r\n<div class=\"wp-block-file\">\u00a0<\/div>\r\n\r\n\r\n\r\n<div class=\"wp-block-file\"><a href=\"http:\/\/miodna.pl\/wp-content\/uploads\/2019\/09\/Stat.stowrzysz-spm-miodna-poprawiony-2.doc\">Stat.stowrzysz-spm-miodna-<\/a><a class=\"wp-block-file__button\" href=\"http:\/\/miodna.pl\/wp-content\/uploads\/2019\/09\/Stat.stowrzysz-spm-miodna-poprawiony-2.doc\" download=\"\">Pobierz<\/a><\/div>\r\n\r\n\r\n\r\n\r\n\r\n\r\n\r\n<div>\u00a0<\/div>\r\n<div class=\"wp-block-file\"><a href=\"http:\/\/miodna.pl\/wp-content\/uploads\/2019\/08\/wniosek-srebrna_odznaka2.doc\">wniosek-srebrna_odznaka2<\/a><a class=\"wp-block-file__button\" href=\"http:\/\/miodna.pl\/wp-content\/uploads\/2019\/08\/wniosek-srebrna_odznaka2.doc\" download=\"\">Pobierz<\/a><\/div>\r\n\r\n\r\n\r\n<p>&nbsp;<\/p>\r\n\r\n\r\n\r\n<div class=\"wp-block-file\"><a href=\"http:\/\/miodna.pl\/wp-content\/uploads\/2019\/08\/wniosek-brazowa_odznaka1.doc\">wniosek-brazowa_odznaka1<\/a><a class=\"wp-block-file__button\" href=\"http:\/\/miodna.pl\/wp-content\/uploads\/2019\/08\/wniosek-brazowa_odznaka1.doc\" download=\"\">Pobierz<\/a><\/div>\r\n\r\n\r\n\r\n<p>&nbsp;<\/p>\r\n\r\n\r\n\r\n<div class=\"wp-block-file\"><a href=\"http:\/\/miodna.pl\/wp-content\/uploads\/2019\/08\/wniosek-zlota_odznaka.doc\">wniosek-zlota_odznaka<\/a><a class=\"wp-block-file__button\" href=\"http:\/\/miodna.pl\/wp-content\/uploads\/2019\/08\/wniosek-zlota_odznaka.doc\" download=\"\">Pobierz<\/a><\/div>\r\n\r\n\r\n\r\n<div class=\"wp-block-file\">\u00a0<\/div>\r\n\r\n<p><!--StartFragment--><\/p>\r\n\r\n<p>Nr kata bankowego SPM :Bank PEKAO SA I O. w Opatowie<\/p>\r\n\r\n\r\n\r\n<p><strong>09 1240 2773 1111 0010 9398 2855<\/strong><\/p>\r\n\r\n\r\n\r\n<p>&nbsp;<\/p>\r\n\r\n\r\n\r\n<div class=\"wp-block-file\"><a href=\"http:\/\/miodna.pl\/wp-content\/uploads\/2020\/02\/Rejestracja-w-gminie.docx\">Rejestracja-w-gminie<\/a><a class=\"wp-block-file__button\" href=\"http:\/\/miodna.pl\/wp-content\/uploads\/2020\/02\/Rejestracja-w-gminie.docx\" download=\"\">Pobierz<\/a><\/div>\r\n\r\n<p><!--EndFragment--><\/p>\r\n\r\n<div class=\"wp-block-file\"><a href=\"http:\/\/miodna.pl\/wp-content\/uploads\/2020\/03\/rodo-miodna.docx\">rodo miodna<\/a><a class=\"wp-block-file__button\" href=\"http:\/\/miodna.pl\/wp-content\/uploads\/2020\/03\/rodo-miodna.docx\" download=\"\">Pobierz<\/a><\/div>\r\n\r\n\r\n\r\n<p>&nbsp;<\/p>\r\n\r\n\r\n\r\n<div class=\"wp-block-file\"><a href=\"http:\/\/miodna.pl\/wp-content\/uploads\/2020\/04\/Zalacznik_nr_1_do_umowy.doc\">umowa z pszczelarzem<\/a><a class=\"wp-block-file__button\" href=\"http:\/\/miodna.pl\/wp-content\/uploads\/2020\/04\/Zalacznik_nr_1_do_umowy.doc\" download=\"\">Pobierz<\/a><\/div>\r\n\r\n\r\n\r\n<div class=\"wp-block-file\"><a href=\"http:\/\/miodna.pl\/wp-content\/uploads\/2020\/04\/Zalacznik_nr_9_Ankieta.docx\">Zalacznik_nr_9_Ankieta<\/a><a class=\"wp-block-file__button\" href=\"http:\/\/miodna.pl\/wp-content\/uploads\/2020\/04\/Zalacznik_nr_9_Ankieta.docx\" download=\"\">Pobierz<\/a><\/div>\r\n\r\n\r\n\r\n<div class=\"wp-block-file\"><a href=\"http:\/\/miodna.pl\/wp-content\/uploads\/2020\/04\/DOC001-1.pdf\">oc<\/a><a class=\"wp-block-file__button\" href=\"http:\/\/miodna.pl\/wp-content\/uploads\/2020\/04\/DOC001-1.pdf\" download=\"\">Pobierz<\/a><\/div>\r\n\r\n\r\n\r\n<div class=\"wp-block-file\"><a href=\"http:\/\/miodna.pl\/wp-content\/uploads\/2020\/04\/Ankieta-2020.docx\">Ankieta-2020<\/a><a class=\"wp-block-file__button\" href=\"http:\/\/miodna.pl\/wp-content\/uploads\/2020\/04\/Ankieta-2020.docx\" download=\"\">Pobierz<\/a><\/div>\r\n\r\n\r\n\r\n<p><img loading=\"lazy\" decoding=\"async\" class=\"alignnone size-medium wp-image-869\" src=\"http:\/\/miodna.pl\/wp-content\/uploads\/2021\/02\/imggcsiE12C6B750AA92EE2A7751F4C265098F78E1C5717mpid7maxwidth1920maxheight966-300x238.png\" alt=\"\" width=\"300\" height=\"238\" srcset=\"http:\/\/miodna.pl\/wp-content\/uploads\/2021\/02\/imggcsiE12C6B750AA92EE2A7751F4C265098F78E1C5717mpid7maxwidth1920maxheight966-300x238.png 300w, http:\/\/miodna.pl\/wp-content\/uploads\/2021\/02\/imggcsiE12C6B750AA92EE2A7751F4C265098F78E1C5717mpid7maxwidth1920maxheight966-1024x811.png 1024w, http:\/\/miodna.pl\/wp-content\/uploads\/2021\/02\/imggcsiE12C6B750AA92EE2A7751F4C265098F78E1C5717mpid7maxwidth1920maxheight966-768x609.png 768w, http:\/\/miodna.pl\/wp-content\/uploads\/2021\/02\/imggcsiE12C6B750AA92EE2A7751F4C265098F78E1C5717mpid7maxwidth1920maxheight966-600x475.png 600w, http:\/\/miodna.pl\/wp-content\/uploads\/2021\/02\/imggcsiE12C6B750AA92EE2A7751F4C265098F78E1C5717mpid7maxwidth1920maxheight966.png 1156w\" sizes=\"auto, (max-width: 300px) 100vw, 300px\" \/><\/p>\r\n","protected":false},"excerpt":{"rendered":"<p>LOGO STOWARZYSZENIA MIODNA Interwencje w sektorze pszczelarskim od 2024 roku realizuje ARiMR o\u015bwiadczenie do meczanizmu&#8230;<\/p>\n","protected":false},"author":1,"featured_media":0,"parent":0,"menu_order":0,"comment_status":"closed","ping_status":"closed","template":"","meta":{"footnotes":""},"class_list":["post-12","page","type-page","status-publish","hentry"],"_links":{"self":[{"href":"http:\/\/miodna.pl\/index.php?rest_route=\/wp\/v2\/pages\/12","targetHints":{"allow":["GET"]}}],"collection":[{"href":"http:\/\/miodna.pl\/index.php?rest_route=\/wp\/v2\/pages"}],"about":[{"href":"http:\/\/miodna.pl\/index.php?rest_route=\/wp\/v2\/types\/page"}],"author":[{"embeddable":true,"href":"http:\/\/miodna.pl\/index.php?rest_route=\/wp\/v2\/users\/1"}],"replies":[{"embeddable":true,"href":"http:\/\/miodna.pl\/index.php?rest_route=%2Fwp%2Fv2%2Fcomments&post=12"}],"version-history":[{"count":51,"href":"http:\/\/miodna.pl\/index.php?rest_route=\/wp\/v2\/pages\/12\/revisions"}],"predecessor-version":[{"id":1556,"href":"http:\/\/miodna.pl\/index.php?rest_route=\/wp\/v2\/pages\/12\/revisions\/1556"}],"wp:attachment":[{"href":"http:\/\/miodna.pl\/index.php?rest_route=%2Fwp%2Fv2%2Fmedia&parent=12"}],"curies":[{"name":"wp","href":"https:\/\/api.w.org\/{rel}","templated":true}]}}